{"id":4929,"date":"2025-01-29T20:08:50","date_gmt":"2025-01-29T20:08:50","guid":{"rendered":"https:\/\/www.cptmg.org.br\/portal\/?page_id=4929"},"modified":"2025-01-31T19:06:30","modified_gmt":"2025-01-31T19:06:30","slug":"apoie-a-cpt","status":"publish","type":"page","link":"https:\/\/www.cptmg.org.br\/portal\/apoie-a-cpt\/","title":{"rendered":"Apoie a CPT"},"content":{"rendered":"<section class=\"l-section wpb_row us_custom_6df4bc3a has_text_color height_large with_img with_shape\"><div class=\"l-section-img\" role=\"img\" data-img-width=\"2560\" data-img-height=\"1707\" style=\"background-image: url(https:\/\/www.cptmg.org.br\/portal\/wp-content\/uploads\/2024\/12\/FOTO-11-MANIFESTACOES-FOTO-Andressa-Zumpano-1-scaled.jpeg);\"><\/div><div class=\"l-section-overlay\" style=\"background:rgba(0,0,0,0.40)\"><\/div><div class=\"l-section-shape type_wave pos_bottom\" style=\"height:2vmax;color:\"><svg xmlns=\"http:\/\/www.w3.org\/2000\/svg\" viewBox=\"0 4 64 4\" preserveAspectRatio=\"none\" width=\"100%\" height=\"100%\">\r\n\t<path fill=\"currentColor\" d=\"M64 6 C32 0 32 12 0 6 L0 8 L64 8 Z\"\/>\r\n<\/svg><\/div><div class=\"l-section-h i-cf\"><div class=\"g-cols vc_row via_grid cols_1 laptops-cols_inherit tablets-cols_inherit mobiles-cols_1 valign_bottom type_default stacking_default\"><div class=\"wpb_column vc_column_container\"><div class=\"vc_column-inner\"><div class=\"w-separator size_custom\" style=\"height:1vmax\"><\/div><h1 class=\"w-text us_custom_4dafccaa\"><span class=\"w-text-h\"><span class=\"w-text-value\">Apoie a CPT<\/span><\/span><\/h1><div class=\"w-hwrapper valign_middle align_left\" style=\"--hwrapper-gap:0.5rem\"><div class=\"w-text us_custom_6df4bc3a has_text_color icon_atright\"><a href=\"https:\/\/www.cptmg.org.br\/portal\/\" class=\"w-text-h\"><span class=\"w-text-value\">Home<\/span><i class=\"far fa-angle-right\"><\/i><\/a><\/div><nav class=\"g-breadcrumbs separator_icon align_center hide_current\" itemscope itemtype=\"http:\/\/schema.org\/BreadcrumbList\"><div class=\"g-breadcrumbs-item\">P\u00e1ginas<\/div><\/nav><\/div><div class=\"w-separator size_custom\" style=\"height:1vmax\"><\/div><\/div><\/div><\/div><\/div><\/section><section class=\"l-section wpb_row height_huge width_custom with_shape\" style=\"--site-content-width:1120px;\"><div class=\"l-section-shape type_custom pos_bottom hor_flip\" style=\"height:40%;\"><svg xmlns=\"http:\/\/www.w3.org\/2000\/svg\" viewBox=\"0 0 64 8\" preserveAspectRatio=\"none\" width=\"100%\" height=\"100%\">\r\n\t<path fill=\"currentColor\" d=\"M64 8 L0 8 L0 0 L64 0 Z\"\/>\r\n<\/svg><\/div><div class=\"l-section-h i-cf\"><div class=\"g-cols vc_row via_grid cols_1 laptops-cols_inherit tablets-cols_inherit mobiles-cols_1 valign_top type_default stacking_default\"><div class=\"wpb_column vc_column_container\"><div class=\"vc_column-inner\"><h2 class=\"w-text us_custom_b32f000b\"><span class=\"w-text-h\"><span class=\"w-text-value\">Obrigado pelo seu apoio. Valorizamos sua confian\u00e7a em nosso trabalho!<\/span><\/span><\/h2><div class=\"w-separator size_small\"><\/div><div class=\"g-cols wpb_row us_custom_af9ef332 via_grid cols_3-2 laptops-cols_3-2 tablets-cols_3-2 mobiles-cols_1 valign_middle type_default stacking_default\" style=\"--columns-gap:0rem;\"><div class=\"wpb_column vc_column_container us_custom_c25dae36\"><div class=\"vc_column-inner\"><h3 class=\"w-text us_custom_031c0357\"><span class=\"w-text-h\"><span class=\"w-text-value\">Dados Banc\u00e1rios:<\/span><\/span><\/h3><div class=\"w-post-elm post_custom_field us_custom_04ae358f type_text option|apoie_a_cpt_dados_bancarios color_link_inherit\"><p><strong>Banco Bradesco S.A<\/strong><br \/>\n<strong>Ag\u00eancia<\/strong>: 01203<br \/>\n<strong>Conta corrente<\/strong>: 44.164-3<br \/>\n<strong>CNPJ<\/strong>: 02.375.913\/0012-70<\/p>\n<\/div><\/div><\/div><div class=\"wpb_column vc_column_container us_custom_16085f45 has_bg_color\"><div class=\"vc_column-inner\"><div class=\"w-separator size_small\"><\/div><div class=\"w-image us_custom_c4d3e178 align_none\"><div class=\"w-image-h\"><img decoding=\"async\" width=\"1024\" height=\"1024\" src=\"https:\/\/www.cptmg.org.br\/portal\/wp-content\/uploads\/2025\/01\/qr-code-1024x1024.png\" class=\"attachment-large size-large\" alt=\"\" loading=\"lazy\" srcset=\"https:\/\/www.cptmg.org.br\/portal\/wp-content\/uploads\/2025\/01\/qr-code-1024x1024.png 1024w, https:\/\/www.cptmg.org.br\/portal\/wp-content\/uploads\/2025\/01\/qr-code-300x300.png 300w, https:\/\/www.cptmg.org.br\/portal\/wp-content\/uploads\/2025\/01\/qr-code-150x150.png 150w, https:\/\/www.cptmg.org.br\/portal\/wp-content\/uploads\/2025\/01\/qr-code.png 1750w\" sizes=\"auto, (max-width: 1024px) 100vw, 1024px\" \/><\/div><\/div><div class=\"w-separator size_small\"><\/div><div class=\"w-separator size_custom\" style=\"height:1rem\"><\/div><\/div><\/div><\/div><\/div><\/div><\/div><\/div><\/section>\n","protected":false},"excerpt":{"rendered":"Apoie a CPTHomeP\u00e1ginas Obrigado pelo seu apoio. Valorizamos sua confian\u00e7a em nosso trabalho!Dados Banc\u00e1rios:Banco Bradesco S.A Ag\u00eancia: 01203 Conta corrente: 44.164-3 CNPJ: 02.375.913\/0012-70","protected":false},"author":1,"featured_media":2965,"parent":0,"menu_order":0,"comment_status":"closed","ping_status":"closed","template":"","meta":{"_acf_changed":false,"footnotes":""},"class_list":["post-4929","page","type-page","status-publish","has-post-thumbnail","hentry"],"acf":[],"_links":{"self":[{"href":"https:\/\/www.cptmg.org.br\/portal\/wp-json\/wp\/v2\/pages\/4929","targetHints":{"allow":["GET"]}}],"collection":[{"href":"https:\/\/www.cptmg.org.br\/portal\/wp-json\/wp\/v2\/pages"}],"about":[{"href":"https:\/\/www.cptmg.org.br\/portal\/wp-json\/wp\/v2\/types\/page"}],"author":[{"embeddable":true,"href":"https:\/\/www.cptmg.org.br\/portal\/wp-json\/wp\/v2\/users\/1"}],"replies":[{"embeddable":true,"href":"https:\/\/www.cptmg.org.br\/portal\/wp-json\/wp\/v2\/comments?post=4929"}],"version-history":[{"count":36,"href":"https:\/\/www.cptmg.org.br\/portal\/wp-json\/wp\/v2\/pages\/4929\/revisions"}],"predecessor-version":[{"id":8152,"href":"https:\/\/www.cptmg.org.br\/portal\/wp-json\/wp\/v2\/pages\/4929\/revisions\/8152"}],"wp:featuredmedia":[{"embeddable":true,"href":"https:\/\/www.cptmg.org.br\/portal\/wp-json\/wp\/v2\/media\/2965"}],"wp:attachment":[{"href":"https:\/\/www.cptmg.org.br\/portal\/wp-json\/wp\/v2\/media?parent=4929"}],"curies":[{"name":"wp","href":"https:\/\/api.w.org\/{rel}","templated":true}]}}