{"id":4728,"date":"2025-01-23T18:59:01","date_gmt":"2025-01-23T18:59:01","guid":{"rendered":"https:\/\/www.cptmg.org.br\/portal\/?page_id=4728"},"modified":"2025-01-31T16:06:45","modified_gmt":"2025-01-31T16:06:45","slug":"biblioteca","status":"publish","type":"page","link":"https:\/\/www.cptmg.org.br\/portal\/biblioteca\/","title":{"rendered":"Biblioteca"},"content":{"rendered":"<section class=\"l-section wpb_row us_custom_6df4bc3a has_text_color height_large with_img with_shape\"><div class=\"l-section-img\" role=\"img\" data-img-width=\"2560\" data-img-height=\"1709\" style=\"background-image: url(https:\/\/www.cptmg.org.br\/portal\/wp-content\/uploads\/2025\/03\/FOTO-X-TEXTO-X-Comunidade-quilombola-Monte-Alegre_02_FOTO-Ingrid-Barros-scaled.jpeg);background-position: top center;\"><\/div><div class=\"l-section-overlay\" style=\"background:rgba(0,0,0,0.50)\"><\/div><div class=\"l-section-shape type_wave pos_bottom\" style=\"height:2vmax;\"><svg xmlns=\"http:\/\/www.w3.org\/2000\/svg\" viewBox=\"0 4 64 4\" preserveAspectRatio=\"none\" width=\"100%\" height=\"100%\">\r\n\t<path fill=\"currentColor\" d=\"M64 6 C32 0 32 12 0 6 L0 8 L64 8 Z\"\/>\r\n<\/svg><\/div><div class=\"l-section-h i-cf\"><div class=\"g-cols vc_row via_grid cols_1 laptops-cols_inherit tablets-cols_inherit mobiles-cols_1 valign_bottom type_default stacking_default\"><div class=\"wpb_column vc_column_container\"><div class=\"vc_column-inner\"><div class=\"w-separator size_custom\" style=\"height:1vmax\"><\/div><h1 class=\"w-text us_custom_dccb0837\"><span class=\"w-text-h\"><span class=\"w-text-value\">Biblioteca<\/span><\/span><\/h1><div class=\"w-hwrapper valign_middle align_left\" style=\"--hwrapper-gap:0.5rem\"><div class=\"w-text us_custom_6df4bc3a has_text_color icon_atright\"><a href=\"https:\/\/www.cptmg.org.br\/portal\/\" class=\"w-text-h\"><span class=\"w-text-value\">Home<\/span><i class=\"far fa-angle-right\"><\/i><\/a><\/div><nav class=\"g-breadcrumbs separator_icon align_center hide_current\" itemscope itemtype=\"http:\/\/schema.org\/BreadcrumbList\"><div class=\"g-breadcrumbs-item\">P\u00e1ginas<\/div><\/nav><\/div><div class=\"w-separator size_custom\" style=\"height:1vmax\"><\/div><\/div><\/div><\/div><\/div><\/section><section class=\"l-section wpb_row us_custom_ba559656 cadernos height_medium color_alternate\" id=\"cadernos\"><div class=\"l-section-h i-cf\"><div class=\"g-cols vc_row via_grid cols_1 laptops-cols_inherit tablets-cols_1 mobiles-cols_1 valign_top type_default stacking_default\"><div class=\"wpb_column vc_column_container\"><div class=\"vc_column-inner\"><div class=\"w-hwrapper us_custom_2498e4b4 us_animate_this hide_on_default hide_on_laptops hide_on_tablets hide_on_mobiles valign_middle align_justify\"><form class=\"w-filter for_list state_desktop us-field-style_1 layout_ver items_1 mod_default align_none change_url_params\" action style=\"--items-gap:1.5em;\" onsubmit=\"return false;\" onclick='return {&quot;mobileWidth&quot;:600}'><div class=\"w-filter-list\"><div class=\"w-filter-list-title\">Filtros<\/div><button class=\"w-filter-list-closer\" title=\"Fechar\" aria=label=\"Fechar\"><\/button><div class=\"w-filter-item number_1 type_dropdown\" data-name=\"categoria_publicacoes\"><button class=\"w-filter-item-title\">Categoria<\/button><a class=\"w-filter-item-reset\" href=\"#\" title=\"Redefinir\"><span>Redefinir<\/span><\/a><div class=\"w-filter-item-content\"><div class=\"w-filter-item-values\"><select class=\"w-filter-item-value-select\" name=\"categoria_publicacoes\"><option value=\"%2A\">Qualquer<\/option><option value=\"cadernos\">Cadernos<\/option><option value=\"outros-materiais\">Outros materiais<\/option><\/select><\/div><\/div><\/div><\/div><div class=\"w-filter-list-panel\"><button class=\"w-btn w-filter-button-submit us-btn-style_1\"><span class=\"w-btn-label\">Aplicar<\/span><\/button><\/div><style>@media( max-width:600px ){.w-filter.state_desktop .w-filter-list,.w-filter-item-title>span{display:none!important}.w-filter-opener{display:inline-block}}<\/style><button class=\"w-filter-opener\"><span>Filtros<\/span><\/button><\/form><h2 class=\"w-text us_custom_2b500b9a has_text_color us_animate_this hide_on_default hide_on_laptops hide_on_tablets hide_on_mobiles\"><span class=\"w-text-h\"><span class=\"w-text-value\">Cadernos<\/span><\/span><\/h2><div class=\"w-search for_list layout_simple us-field-style_1 us_custom_bd54e013 has_text_color iconpos_right live_search change_url_params\"><form class=\"w-form-row for_text\" role=\"search\" method=\"get\"><div class=\"w-form-row-field\"><input aria-label=\"Pesquisar\" name=\"list_search\" placeholder=\"Pesquisar\" type=\"text\" value\/><\/div><button class=\"w-search-reset\" type=\"button\" aria-label=\"Reset\"><\/button><button aria-label=\"Pesquisar\" class=\"w-search-form-btn w-btn\" type=\"submit\" style=\"--icon-size:18px;\"><i class=\"fas fa-search\"><\/i><\/button><\/form><div class=\"w-search-message hidden\"><\/div><\/div><\/div><div class=\"w-separator size_medium\"><\/div><div class=\"w-grid hide_on_default hide_on_laptops hide_on_tablets hide_on_mobiles us_post_list type_grid layout_584 cols_2 preload_style_spinner\" id=\"us_post_list_yed5\" style=\"--columns:2;--gap:1.5rem;\" data-filterable=\"true\"><style>@media (max-width:610px){#us_post_list_yed5{--columns:1!important}}.layout_584 .w-grid-item-h{background:#ffffff;color:var(--color-content-link-hover);border-radius:0.1rem;box-shadow:0 0.03rem 0.06rem rgba(0,0,0,0.1),0 0.1rem 0.3rem rgba(0,0,0,0.1);transition-duration:0.3s}.no-touch .layout_584 .w-grid-item-h:hover{box-shadow:0 0.1rem 0.2rem rgba(0,0,0,0.1),0 0.33rem 1rem rgba(0,0,0,0.15);z-index:4}.layout_584 .usg_vwrapper_1{transition-duration:0.3s;transform-origin:50% 50%;transform:scale(1) translate(0%,0%)}.layout_584 .w-grid-item-h:hover .usg_vwrapper_1{transform:scale(1.01) translate(0%,0%);opacity:1;background:var(--color-header-middle-text-hover)!important;color:var(--color-header-middle-bg)!important}.layout_584 .usg_post_title_1{transition-duration:0.3s;transform-origin:50% 50%;transform:scale(1) translate(0%,0%)}.layout_584 .w-grid-item-h:hover .usg_post_title_1{transform:scale(1) translate(0%,0%);opacity:1;color:var(--color-header-middle-bg)!important}.layout_584 .usg_post_taxonomy_1{transition-duration:0.3s;transform-origin:50% 50%;transform:scale(1) translate(0%,0%)}.layout_584 .w-grid-item-h:hover .usg_post_taxonomy_1{transform:scale(1) translate(0%,0%);opacity:1;border-color:#ffffff!important}.layout_584 .usg_vwrapper_1{background:#ffffff!important;padding:1.7rem 1.7rem 2.5rem 1.7rem!important}.layout_584 .usg_post_title_1{color:var(--color-header-middle-text-hover)!important;margin-top:20px!important}.layout_584 .usg_vwrapper_2{min-height:100px!important;padding-left:20px!important}.layout_584 .usg_post_taxonomy_1{font-family:var(--font-family)!important;font-weight:400!important;width:Auto!important;border-bottom-width:2px!important;border-color:var(--color-header-transparent-text-hover)!important;border-bottom-style:solid!important;padding:2px 5px 2px 5px!important}.layout_584 .usg_post_content_1{font-size:17px!important}.layout_584 .usg_hwrapper_1{width:100%!important;height:300px!important}@media (min-width:1041px) and (max-width:1380px){.layout_584 .usg_vwrapper_1{padding:1.7rem 1.7rem 2.5rem 1.7rem!important}}@media (min-width:611px) and (max-width:1040px){.layout_584 .usg_vwrapper_1{padding:1.7rem 1.7rem 2.5rem 1.7rem!important}}@media (max-width:610px){.layout_584 .usg_vwrapper_1{padding:1.2rem 1.2rem 2rem 1.2rem!important}}<\/style><div class=\"w-grid-list\">\t<article class=\"w-grid-item size_1x1 post-4981 publicacao type-publicacao status-publish has-post-thumbnail hentry categoria_publicacoes-cadernos\" data-id=\"4981\">\r\n\t\t<div class=\"w-grid-item-h\">\r\n\t\t\t\t\t\t<div class=\"w-vwrapper usg_vwrapper_1 align_none valign_top\" style=\"--vwrapper-gap:0.5rem\"><div class=\"w-hwrapper usg_hwrapper_1 align_none valign_middle\" style=\"--hwrapper-gap:0rem\"><\/div><div class=\"w-vwrapper usg_vwrapper_2 align_left valign_top\"><h3 class=\"w-post-elm post_title usg_post_title_1 has_text_color entry-title color_link_inherit\">Conflitos no Campo MG &#8211; 2023<\/h3><\/div><\/div>\t\t<\/div>\r\n\t\t\t\t\t<style>.layout_584 .post-4981 .usg_hwrapper_1{background:url(https:\/\/www.cptmg.org.br\/portal\/wp-content\/uploads\/2025\/01\/Conflitos-no-Campo-MG-2023-22.png) no-repeat 50% 20% \/ cover!important}<\/style>\r\n\t\t\t<\/article>\r\n\t<article class=\"w-grid-item size_1x1 post-5043 publicacao type-publicacao status-publish has-post-thumbnail hentry categoria_publicacoes-outros-materiais\" data-id=\"5043\">\r\n\t\t<div class=\"w-grid-item-h\">\r\n\t\t\t\t\t\t<div class=\"w-vwrapper usg_vwrapper_1 align_none valign_top\" style=\"--vwrapper-gap:0.5rem\"><div class=\"w-hwrapper usg_hwrapper_1 align_none valign_middle\" style=\"--hwrapper-gap:0rem\"><\/div><div class=\"w-vwrapper usg_vwrapper_2 align_left valign_top\"><h3 class=\"w-post-elm post_title usg_post_title_1 has_text_color entry-title color_link_inherit\">Conflitos de Minera\u00e7\u00e3o no Brasil | Relat\u00f3rio Anual 2023<\/h3><\/div><\/div>\t\t<\/div>\r\n\t\t\t\t\t<style>.layout_584 .post-5043 .usg_hwrapper_1{background:url(https:\/\/www.cptmg.org.br\/portal\/wp-content\/uploads\/2025\/01\/Conflitos-da-mineracao-no-Brasil-2023-Relatorio-anual-1.jpg) no-repeat 50% 20% \/ cover!important}<\/style>\r\n\t\t\t<\/article>\r\n\t<article class=\"w-grid-item size_1x1 post-8688 publicacao type-publicacao status-publish has-post-thumbnail hentry categoria_publicacoes-outros-materiais\" data-id=\"8688\">\r\n\t\t<div class=\"w-grid-item-h\">\r\n\t\t\t\t\t\t<div class=\"w-vwrapper usg_vwrapper_1 align_none valign_top\" style=\"--vwrapper-gap:0.5rem\"><div class=\"w-hwrapper usg_hwrapper_1 align_none valign_middle\" style=\"--hwrapper-gap:0rem\"><\/div><div class=\"w-vwrapper usg_vwrapper_2 align_left valign_top\"><h3 class=\"w-post-elm post_title usg_post_title_1 has_text_color entry-title color_link_inherit\">LE\u00c3O XIV SER\u00c1 PAPA DA LUTA PELA JUSTI\u00c7A SOCIAL?<\/h3><\/div><\/div>\t\t<\/div>\r\n\t\t\t\t\t<style>.layout_584 .post-8688 .usg_hwrapper_1{background:url(https:\/\/www.cptmg.org.br\/portal\/wp-content\/uploads\/2025\/05\/hq720.jpg) no-repeat 50% 20% \/ cover!important}<\/style>\r\n\t\t\t<\/article>\r\n\t<article class=\"w-grid-item size_1x1 post-8707 publicacao type-publicacao status-publish hentry\" data-id=\"8707\">\r\n\t\t<div class=\"w-grid-item-h\">\r\n\t\t\t\t\t\t<div class=\"w-vwrapper usg_vwrapper_1 align_none valign_top\" style=\"--vwrapper-gap:0.5rem\"><div class=\"w-hwrapper usg_hwrapper_1 align_none valign_middle\" style=\"--hwrapper-gap:0rem\"><\/div><div class=\"w-vwrapper usg_vwrapper_2 align_left valign_top\"><h3 class=\"w-post-elm post_title usg_post_title_1 has_text_color entry-title color_link_inherit\">Conflitos no campo MG &#8211; 2024<\/h3><\/div><\/div>\t\t<\/div>\r\n\t\t\t\t\t<style>.layout_584 .post-8707 .usg_hwrapper_1{background:0 no-repeat 50% 20% \/ cover!important}<\/style>\r\n\t\t\t<\/article>\r\n<\/div><div class=\"g-loadmore hidden\"><div class=\"g-preloader type_1\"><div><\/div><\/div><\/div><div class=\"w-grid-list-json hidden\" onclick='return {&quot;max_num_pages&quot;:0,&quot;pagination&quot;:&quot;none&quot;,&quot;paged&quot;:1,&quot;ajaxData&quot;:{&quot;_nonce&quot;:&quot;e17bc4f077&quot;,&quot;action&quot;:&quot;us_ajax_post_list&quot;,&quot;template_vars&quot;:{&quot;paged&quot;:1,&quot;max_num_pages&quot;:0,&quot;no_results&quot;:false,&quot;source&quot;:&quot;all&quot;,&quot;custom_field_name&quot;:&quot;&quot;,&quot;ids&quot;:&quot;&quot;,&quot;post_type&quot;:&quot;publicacao&quot;,&quot;post_author&quot;:&quot;any&quot;,&quot;post_author_ids&quot;:&quot;&quot;,&quot;exclude_children&quot;:0,&quot;exclude_current_post&quot;:1,&quot;exclude_prev_posts&quot;:0,&quot;apply_url_params&quot;:0,&quot;tax_query_relation&quot;:&quot;none&quot;,&quot;tax_query&quot;:[{&quot;operator&quot;:&quot;IN&quot;,&quot;taxonomy&quot;:&quot;category&quot;,&quot;terms&quot;:&quot;&quot;,&quot;include_children&quot;:0}],&quot;meta_query_relation&quot;:&quot;none&quot;,&quot;meta_query&quot;:[{&quot;key&quot;:&quot;custom_field_name&quot;,&quot;compare&quot;:&quot;=&quot;,&quot;value&quot;:&quot;&quot;}],&quot;orderby&quot;:&quot;date&quot;,&quot;orderby_custom_field&quot;:&quot;&quot;,&quot;orderby_custom_type&quot;:0,&quot;order_invert&quot;:0,&quot;show_all&quot;:0,&quot;quantity&quot;:&quot;12&quot;,&quot;no_items_action&quot;:&quot;message&quot;,&quot;no_items_message&quot;:&quot;Nenhuma publica\\u00e7\\u00e3o encontrada.&quot;,&quot;no_items_page_block&quot;:&quot;&quot;,&quot;pagination&quot;:&quot;none&quot;,&quot;pagination_style&quot;:&quot;&quot;,&quot;pagination_btn_text&quot;:&quot;Carregar mais&quot;,&quot;pagination_btn_size&quot;:&quot;&quot;,&quot;pagination_btn_style&quot;:&quot;1&quot;,&quot;pagination_btn_fullwidth&quot;:0,&quot;items_layout&quot;:&quot;584&quot;,&quot;type&quot;:&quot;grid&quot;,&quot;items_valign&quot;:0,&quot;ignore_items_size&quot;:0,&quot;columns&quot;:&quot;2&quot;,&quot;items_gap&quot;:&quot;1.5rem&quot;,&quot;load_animation&quot;:&quot;none&quot;,&quot;items_preload_style&quot;:&quot;spinner&quot;,&quot;img_size&quot;:&quot;default&quot;,&quot;title_size&quot;:&quot;&quot;,&quot;items_ratio&quot;:&quot;default&quot;,&quot;items_ratio_width&quot;:&quot;21&quot;,&quot;items_ratio_height&quot;:&quot;9&quot;,&quot;overriding_link&quot;:&quot;{\\&quot;url\\&quot;:\\&quot;\\&quot;}&quot;,&quot;popup_width&quot;:&quot;&quot;,&quot;popup_arrows&quot;:1,&quot;breakpoint_1_width&quot;:&quot;1381px&quot;,&quot;breakpoint_1_cols&quot;:&quot;default&quot;,&quot;breakpoint_1_gap&quot;:&quot;&quot;,&quot;breakpoint_2_width&quot;:&quot;1041px&quot;,&quot;breakpoint_2_cols&quot;:&quot;2&quot;,&quot;breakpoint_2_gap&quot;:&quot;&quot;,&quot;breakpoint_3_width&quot;:&quot;611px&quot;,&quot;breakpoint_3_cols&quot;:&quot;1&quot;,&quot;breakpoint_3_gap&quot;:&quot;&quot;,&quot;conditions_operator&quot;:&quot;always&quot;,&quot;conditions&quot;:[],&quot;css&quot;:null,&quot;el_class&quot;:&quot;&quot;,&quot;el_id&quot;:&quot;&quot;,&quot;enable_custom_html_atts&quot;:0,&quot;custom_html_atts&quot;:null,&quot;hide_on_states&quot;:&quot;default,laptops,tablets,mobiles&quot;,&quot;hide_for_sticky&quot;:0,&quot;hide_for_not_sticky&quot;:0,&quot;hide_below&quot;:&quot;0px&quot;,&quot;hide_above&quot;:&quot;0px&quot;,&quot;classes&quot;:&quot; hide_on_default hide_on_laptops hide_on_tablets hide_on_mobiles&quot;}}}'><\/div><\/div><div class=\"g-cols wpb_row via_grid cols_1 laptops-cols_inherit tablets-cols_inherit mobiles-cols_1 valign_top type_default stacking_default\" style=\"--columns-gap:3rem;\"><div class=\"wpb_column vc_column_container\"><div class=\"vc_column-inner\"><div class=\"w-grid type_grid layout_584 cols_2 pagination_infinite with_filters\" id=\"us_grid_1\" style=\"--columns:2;--gap:1.5rem;\"><style>@media (max-width:610px){#us_grid_1{--columns:1!important}}<\/style><div class=\"g-filters style_3 align_left\"><button class=\"g-filters-item active\" data-taxonomy=\"*\"><span>Tudo<\/span><\/button><button class=\"g-filters-item\" data-taxonomy=\"cadernos\" data-amount=\"1\"><span>Cadernos<\/span><span class=\"g-filters-item-amount\">1<\/span><\/button><button class=\"g-filters-item\" data-taxonomy=\"outros-materiais\" data-amount=\"2\"><span>Outros materiais<\/span><span class=\"g-filters-item-amount\">2<\/span><\/button><\/div><div class=\"w-grid-list\" data-filter_taxonomy_name=\"categoria_publicacoes\">\t<article class=\"w-grid-item size_1x1 post-8707 publicacao type-publicacao status-publish hentry\" data-id=\"8707\">\r\n\t\t<div class=\"w-grid-item-h\">\r\n\t\t\t\t\t\t\t<a href=\"https:\/\/www.cptmg.org.br\/portal\/publicacao\/conflitos-no-campo-mg-2024\/\" class=\"w-grid-item-anchor\" aria-label=\"Conflitos no campo MG &#8211; 2024\"><\/a>\r\n\t\t\t\t\t\t<div class=\"w-vwrapper usg_vwrapper_1 align_none valign_top\" style=\"--vwrapper-gap:0.5rem\"><div class=\"w-hwrapper usg_hwrapper_1 align_none valign_middle\" style=\"--hwrapper-gap:0rem\"><\/div><div class=\"w-vwrapper usg_vwrapper_2 align_left valign_top\"><h3 class=\"w-post-elm post_title usg_post_title_1 has_text_color entry-title color_link_inherit\">Conflitos no campo MG &#8211; 2024<\/h3><\/div><\/div>\t\t<\/div>\r\n\t\t\t\t\t<style>.layout_584 .post-8707 .usg_hwrapper_1{background:0 no-repeat 50% 20% \/ cover!important}<\/style>\r\n\t\t\t<\/article>\r\n\t<article class=\"w-grid-item size_1x1 post-8688 publicacao type-publicacao status-publish has-post-thumbnail hentry categoria_publicacoes-outros-materiais\" data-id=\"8688\">\r\n\t\t<div class=\"w-grid-item-h\">\r\n\t\t\t\t\t\t\t<a href=\"https:\/\/www.cptmg.org.br\/portal\/publicacao\/leao-xiv-sera-papa-da-luta-pela-justica-social\/\" class=\"w-grid-item-anchor\" aria-label=\"LE\u00c3O XIV SER\u00c1 PAPA DA LUTA PELA JUSTI\u00c7A SOCIAL?\"><\/a>\r\n\t\t\t\t\t\t<div class=\"w-vwrapper usg_vwrapper_1 align_none valign_top\" style=\"--vwrapper-gap:0.5rem\"><div class=\"w-hwrapper usg_hwrapper_1 align_none valign_middle\" style=\"--hwrapper-gap:0rem\"><\/div><div class=\"w-vwrapper usg_vwrapper_2 align_left valign_top\"><h3 class=\"w-post-elm post_title usg_post_title_1 has_text_color entry-title color_link_inherit\">LE\u00c3O XIV SER\u00c1 PAPA DA LUTA PELA JUSTI\u00c7A SOCIAL?<\/h3><\/div><\/div>\t\t<\/div>\r\n\t\t\t\t\t<style>.layout_584 .post-8688 .usg_hwrapper_1{background:url(https:\/\/www.cptmg.org.br\/portal\/wp-content\/uploads\/2025\/05\/hq720.jpg) no-repeat 50% 20% \/ cover!important}<\/style>\r\n\t\t\t<\/article>\r\n\t<article class=\"w-grid-item size_1x1 post-5043 publicacao type-publicacao status-publish has-post-thumbnail hentry categoria_publicacoes-outros-materiais\" data-id=\"5043\">\r\n\t\t<div class=\"w-grid-item-h\">\r\n\t\t\t\t\t\t\t<a href=\"https:\/\/www.cptmg.org.br\/portal\/publicacao\/conflitos-de-mineracao-no-brasil-relatorio-anual-2023\/\" class=\"w-grid-item-anchor\" aria-label=\"Conflitos de Minera\u00e7\u00e3o no Brasil | Relat\u00f3rio Anual 2023\"><\/a>\r\n\t\t\t\t\t\t<div class=\"w-vwrapper usg_vwrapper_1 align_none valign_top\" style=\"--vwrapper-gap:0.5rem\"><div class=\"w-hwrapper usg_hwrapper_1 align_none valign_middle\" style=\"--hwrapper-gap:0rem\"><\/div><div class=\"w-vwrapper usg_vwrapper_2 align_left valign_top\"><h3 class=\"w-post-elm post_title usg_post_title_1 has_text_color entry-title color_link_inherit\">Conflitos de Minera\u00e7\u00e3o no Brasil | Relat\u00f3rio Anual 2023<\/h3><\/div><\/div>\t\t<\/div>\r\n\t\t\t\t\t<style>.layout_584 .post-5043 .usg_hwrapper_1{background:url(https:\/\/www.cptmg.org.br\/portal\/wp-content\/uploads\/2025\/01\/Conflitos-da-mineracao-no-Brasil-2023-Relatorio-anual-1.jpg) no-repeat 50% 20% \/ cover!important}<\/style>\r\n\t\t\t<\/article>\r\n\t<article class=\"w-grid-item size_1x1 post-4981 publicacao type-publicacao status-publish has-post-thumbnail hentry categoria_publicacoes-cadernos\" data-id=\"4981\">\r\n\t\t<div class=\"w-grid-item-h\">\r\n\t\t\t\t\t\t\t<a href=\"https:\/\/www.cptmg.org.br\/portal\/publicacao\/conflitos-no-campo-mg-2023\/\" class=\"w-grid-item-anchor\" aria-label=\"Conflitos no Campo MG &#8211; 2023\"><\/a>\r\n\t\t\t\t\t\t<div class=\"w-vwrapper usg_vwrapper_1 align_none valign_top\" style=\"--vwrapper-gap:0.5rem\"><div class=\"w-hwrapper usg_hwrapper_1 align_none valign_middle\" style=\"--hwrapper-gap:0rem\"><\/div><div class=\"w-vwrapper usg_vwrapper_2 align_left valign_top\"><h3 class=\"w-post-elm post_title usg_post_title_1 has_text_color entry-title color_link_inherit\">Conflitos no Campo MG &#8211; 2023<\/h3><\/div><\/div>\t\t<\/div>\r\n\t\t\t\t\t<style>.layout_584 .post-4981 .usg_hwrapper_1{background:url(https:\/\/www.cptmg.org.br\/portal\/wp-content\/uploads\/2025\/01\/Conflitos-no-Campo-MG-2023-22.png) no-repeat 50% 20% \/ cover!important}<\/style>\r\n\t\t\t<\/article>\r\n<\/div><div class=\"w-grid-preloader\">\t<div class=\"g-preloader type_1\">\r\n\t\t<div><\/div>\r\n\t<\/div>\r\n\t<\/div>\t<div class=\"w-grid-json hidden\" onclick='return {&quot;action&quot;:&quot;us_ajax_grid&quot;,&quot;infinite_scroll&quot;:0,&quot;max_num_pages&quot;:1,&quot;pagination&quot;:&quot;infinite&quot;,&quot;template_vars&quot;:{&quot;columns&quot;:&quot;2&quot;,&quot;exclude_items&quot;:&quot;none&quot;,&quot;img_size&quot;:&quot;default&quot;,&quot;ignore_items_size&quot;:0,&quot;items_layout&quot;:&quot;584&quot;,&quot;items_offset&quot;:&quot;1&quot;,&quot;load_animation&quot;:&quot;none&quot;,&quot;overriding_link&quot;:&quot;%7B%22type%22%3A%22post%22%7D&quot;,&quot;post_id&quot;:0,&quot;query_args&quot;:{&quot;post_type&quot;:[&quot;publicacao&quot;],&quot;post_status&quot;:[&quot;publish&quot;,&quot;acf-disabled&quot;],&quot;posts_per_page&quot;:&quot;10&quot;},&quot;orderby_query_args&quot;:{&quot;orderby&quot;:{&quot;date&quot;:&quot;DESC&quot;}},&quot;type&quot;:&quot;grid&quot;,&quot;us_grid_post_type&quot;:&quot;publicacao&quot;,&quot;us_grid_ajax_index&quot;:1,&quot;us_grid_filter_query_string&quot;:null,&quot;us_grid_index&quot;:1,&quot;page_args&quot;:[]}}'><\/div>\r\n\t<\/div><\/div><\/div><\/div><\/div><\/div><\/div><\/div><\/section>\n","protected":false},"excerpt":{"rendered":"","protected":false},"author":1,"featured_media":2962,"parent":0,"menu_order":0,"comment_status":"closed","ping_status":"closed","template":"","meta":{"_acf_changed":false,"footnotes":""},"class_list":["post-4728","page","type-page","status-publish","has-post-thumbnail","hentry"],"acf":[],"_links":{"self":[{"href":"https:\/\/www.cptmg.org.br\/portal\/wp-json\/wp\/v2\/pages\/4728","targetHints":{"allow":["GET"]}}],"collection":[{"href":"https:\/\/www.cptmg.org.br\/portal\/wp-json\/wp\/v2\/pages"}],"about":[{"href":"https:\/\/www.cptmg.org.br\/portal\/wp-json\/wp\/v2\/types\/page"}],"author":[{"embeddable":true,"href":"https:\/\/www.cptmg.org.br\/portal\/wp-json\/wp\/v2\/users\/1"}],"replies":[{"embeddable":true,"href":"https:\/\/www.cptmg.org.br\/portal\/wp-json\/wp\/v2\/comments?post=4728"}],"version-history":[{"count":37,"href":"https:\/\/www.cptmg.org.br\/portal\/wp-json\/wp\/v2\/pages\/4728\/revisions"}],"predecessor-version":[{"id":5072,"href":"https:\/\/www.cptmg.org.br\/portal\/wp-json\/wp\/v2\/pages\/4728\/revisions\/5072"}],"wp:featuredmedia":[{"embeddable":true,"href":"https:\/\/www.cptmg.org.br\/portal\/wp-json\/wp\/v2\/media\/2962"}],"wp:attachment":[{"href":"https:\/\/www.cptmg.org.br\/portal\/wp-json\/wp\/v2\/media?parent=4728"}],"curies":[{"name":"wp","href":"https:\/\/api.w.org\/{rel}","templated":true}]}}